{"id":374,"date":"2022-01-25T04:12:28","date_gmt":"2022-01-25T04:12:28","guid":{"rendered":"http:\/\/asivamosenvacunas.asivamosensalud.org\/?page_id=374"},"modified":"2023-03-31T20:45:48","modified_gmt":"2023-03-31T20:45:48","slug":"prevencion-de-enfermedades-cronicas","status":"publish","type":"page","link":"http:\/\/asivamosenvacunas.asivamosensalud.org\/index.php\/prevencion-de-enfermedades-cronicas\/","title":{"rendered":"Prevenci\u00f3n de enfermedades cr\u00f3nicas e infecciosas"},"content":{"rendered":"\n<figure class=\"wp-block-gallery aligncenter columns-1 is-cropped wp-block-gallery-1 is-layout-flex wp-block-gallery-is-layout-flex\"><ul class=\"blocks-gallery-grid\"><li class=\"blocks-gallery-item\"><figure><img loading=\"lazy\" decoding=\"async\" width=\"1024\" height=\"512\" src=\"http:\/\/asivamosenvacunas.asivamosensalud.org\/wp-content\/uploads\/2022\/02\/prevencion.png\" alt=\"\" data-id=\"521\" data-full-url=\"http:\/\/asivamosenvacunas.asivamosensalud.org\/wp-content\/uploads\/2022\/02\/prevencion.png\" data-link=\"http:\/\/asivamosenvacunas.asivamosensalud.org\/index.php\/prevencion-de-enfermedades-cronicas\/prevencion\/\" class=\"wp-image-521\" srcset=\"http:\/\/asivamosenvacunas.asivamosensalud.org\/wp-content\/uploads\/2022\/02\/prevencion.png 1024w, http:\/\/asivamosenvacunas.asivamosensalud.org\/wp-content\/uploads\/2022\/02\/prevencion-300x150.png 300w, http:\/\/asivamosenvacunas.asivamosensalud.org\/wp-content\/uploads\/2022\/02\/prevencion-768x384.png 768w, http:\/\/asivamosenvacunas.asivamosensalud.org\/wp-content\/uploads\/2022\/02\/prevencion-260x130.png 260w, http:\/\/asivamosenvacunas.asivamosensalud.org\/wp-content\/uploads\/2022\/02\/prevencion-50x25.png 50w, http:\/\/asivamosenvacunas.asivamosensalud.org\/wp-content\/uploads\/2022\/02\/prevencion-150x75.png 150w\" sizes=\"auto, (max-width: 1024px) 100vw, 1024px\" \/><\/figure><\/li><\/ul><\/figure>\n\n\n\n<div style=\"height:31px\" aria-hidden=\"true\" class=\"wp-block-spacer\"><\/div>\n\n\n\n<div class=\"wp-block-columns is-layout-flex wp-container-core-columns-is-layout-9d6595d7 wp-block-columns-is-layout-flex\">\n<div class=\"wp-block-column is-layout-flow wp-block-column-is-layout-flow\">\n<h3 class=\"has-text-align-center has-text-color wp-block-heading\" style=\"color:#474747\">Esta secci\u00f3n brindar\u00e1 informaci\u00f3n respecto a recomendaciones y estad\u00edsticas sobre enfermedades cr\u00f3nicas transmisibles y no transmisibles, que sirvan de insumo para el mejoramiento de la salud y la toma de decisiones por parte de los individuos.<\/h3>\n<\/div>\n<\/div>\n\n\n\n<div style=\"height:25px\" aria-hidden=\"true\" class=\"wp-block-spacer\"><\/div>\n\n\n\n<div class=\"wp-block-group\"><div class=\"wp-block-group__inner-container is-layout-flow wp-block-group-is-layout-flow\">\n<div class=\"wp-block-columns is-layout-flex wp-container-core-columns-is-layout-9d6595d7 wp-block-columns-is-layout-flex\">\n<div class=\"wp-block-column is-layout-flow wp-block-column-is-layout-flow\">\n<div class=\"cuadro-azul\">\n\t<img decoding=\"async\" src=\"\/wp-content\/uploads\/2022\/02\/icon_noticias_asivamosensalud.png\" alt=\"\" class=\"logo\">\n    <h3 class=\"title\">As\u00ed vamos en canc\u00e9r<\/h3>\n    <p class=\"date\">Febrero 4 de 2022<\/p>\n    <a href=\"asi-vamos-en-cancer\" class=\"view_more\">Ver m\u00e1s<\/a>\n<\/div>\n<\/div>\n\n\n\n<div class=\"wp-block-column is-layout-flow wp-block-column-is-layout-flow\">\n<div class=\"cuadro-azul\">\n\t<img decoding=\"async\" src=\"\/wp-content\/uploads\/2022\/02\/icon_noticias_asivamosensalud.png\" alt=\"\" class=\"logo\">\n    <h3 class=\"title\">\u00bfQu\u00e9 y cu\u00e1les son las enfermedades cr\u00f3nicas no transmisibles?<\/h3>\n    <p class=\"date\">Noviembre 5 de 2021<\/p>\n    <a href=\"que-y-cuales-son-las-enfermedades-cronicas-no-transmisibles\" class=\"view_more\">Ver m\u00e1s<\/a>\n<\/div>\n<\/div>\n<\/div>\n<\/div><\/div>\n\n\n\n<div class=\"wp-block-columns is-layout-flex wp-container-core-columns-is-layout-9d6595d7 wp-block-columns-is-layout-flex\">\n<div class=\"wp-block-column is-layout-flow wp-block-column-is-layout-flow\">\n<div class=\"cuadro-azul\">\n\t<img decoding=\"async\" src=\"\/wp-content\/uploads\/2022\/02\/icon_noticias_asivamosensalud.png\" alt=\"\" class=\"logo\">\n    <h3 class=\"title\">\u00bfGordo pero en forma?<\/h3>\n    <p class=\"date\">Mayo 4 de 2022<\/p>\n    <a href=\"gordo-pero-en-forma\" class=\"view_more\">Ver m\u00e1s<\/a>\n<\/div>\n\n\n\n<hr class=\"wp-block-separator\"\/>\n\n\n\n<div class=\"cuadro-azul\">\n\t<img decoding=\"async\" src=\"\/wp-content\/uploads\/2022\/02\/icon_noticias_asivamosensalud.png\" alt=\"\" class=\"logo\">\n    <h3 class=\"title\">D\u00eda mundial contra el c\u00e1ncer 2022<\/h3>\n    <p class=\"date\">Febrero 4 de 2022<\/p>\n    <a href=\"dia-mundial-contra-el-cancer-2022\" class=\"view_more\">Ver m\u00e1s<\/a>\n<\/div>\n\n\n\n<hr class=\"wp-block-separator\"\/>\n\n\n\n<div class=\"cuadro-azul\">\n\t<img decoding=\"async\" src=\"\/wp-content\/uploads\/2022\/02\/icon_noticias_asivamosensalud.png\" alt=\"\" class=\"logo\">\n    <h3 class=\"title\">D\u00eda mundial de la lepra 2023<\/h3>\n    <p class=\"date\">Enero 29 de 2023<\/p>\n    <a href=\"dia-mundial-de-la-lepra-2023\" class=\"view_more\">Ver m\u00e1s<\/a>\n<\/div>\n\n\n\n<hr class=\"wp-block-separator\"\/>\n\n\n\n<div class=\"cuadro-azul\">\n\t<img decoding=\"async\" src=\"\/wp-content\/uploads\/2022\/02\/icon_noticias_asivamosensalud.png\" alt=\"\" class=\"logo\">\n    <h3 class=\"title\">D\u00eda mundial contra el c\u00e1ncer infantil 2023<\/h3>\n    <p class=\"date\">Febrero 15 de 2023<\/p>\n    <a href=\"dia-mundial-contra-el-cancer-infantil-2023\" class=\"view_more\">Ver m\u00e1s<\/a>\n<\/div>\n<\/div>\n\n\n\n<div class=\"wp-block-column is-layout-flow wp-block-column-is-layout-flow\">\n<div class=\"cuadro-azul\">\n\t<img decoding=\"async\" src=\"\/wp-content\/uploads\/2022\/02\/icon_noticias_asivamosensalud.png\" alt=\"\" class=\"logo\">\n    <h3 class=\"title\">Lo que debes saber sobre presi\u00f3n arterial alta<\/h3>\n    <p class=\"date\">Mayo 20 de 2022<\/p>\n    <a href=\"lo-que-debes-saber-sobre-presion-arterial-alta\" class=\"view_more\">Ver m\u00e1s<\/a>\n<\/div>\n\n\n\n<hr class=\"wp-block-separator\"\/>\n\n\n\n<div class=\"cuadro-azul\">\n\t<img decoding=\"async\" src=\"\/wp-content\/uploads\/2022\/02\/icon_noticias_asivamosensalud.png\" alt=\"\" class=\"logo\">\n    <h3 class=\"title\">D\u00eda mundial de la diabetes 2022<\/h3>\n    <p class=\"date\">Noviembre 14 de 2022<\/p>\n    <a href=\"dia-mundial-de-la-diabetes-2022\" class=\"view_more\">Ver m\u00e1s<\/a>\n<\/div>\n\n\n\n<hr class=\"wp-block-separator\"\/>\n\n\n\n<div class=\"cuadro-azul\">\n\t<img decoding=\"async\" src=\"\/wp-content\/uploads\/2022\/02\/icon_noticias_asivamosensalud.png\" alt=\"\" class=\"logo\">\n    <h3 class=\"title\">3 datos sobre el c\u00e1ncer<\/h3>\n    <p class=\"date\">Febrero 4 de 2023<\/p>\n    <a href=\"3-datos-sobre-el-cancer\" class=\"view_more\">Ver m\u00e1s<\/a>\n<\/div>\n\n\n\n<hr class=\"wp-block-separator\"\/>\n\n\n\n<div class=\"cuadro-azul\">\n\t<img decoding=\"async\" src=\"\/wp-content\/uploads\/2022\/02\/icon_noticias_asivamosensalud.png\" alt=\"\" class=\"logo\">\n    <h3 class=\"title\">D\u00eda mundial de la tuberculosis 2023<\/h3>\n    <p class=\"date\">Marzo 24 de 2023<\/p>\n    <a href=\"dia-mundial-de-la-tuberculosis-2023\" class=\"view_more\">Ver m\u00e1s<\/a>\n<\/div>\n<\/div>\n<\/div>\n","protected":false},"excerpt":{"rendered":"<p>Esta secci\u00f3n brindar\u00e1 informaci\u00f3n respecto a recomendaciones y estad\u00edsticas sobre enfermedades cr\u00f3nicas transmisibles y no transmisibles, que sirvan de insumo para el mejoramiento de la salud<span class=\"excerpt-hellip\"> [\u2026]<\/span><\/p>\n","protected":false},"author":1,"featured_media":0,"parent":0,"menu_order":0,"comment_status":"closed","ping_status":"closed","template":"","meta":{"_acf_changed":false,"footnotes":""},"class_list":["post-374","page","type-page","status-publish","hentry"],"acf":[],"_links":{"self":[{"href":"http:\/\/asivamosenvacunas.asivamosensalud.org\/index.php\/wp-json\/wp\/v2\/pages\/374","targetHints":{"allow":["GET"]}}],"collection":[{"href":"http:\/\/asivamosenvacunas.asivamosensalud.org\/index.php\/wp-json\/wp\/v2\/pages"}],"about":[{"href":"http:\/\/asivamosenvacunas.asivamosensalud.org\/index.php\/wp-json\/wp\/v2\/types\/page"}],"author":[{"embeddable":true,"href":"http:\/\/asivamosenvacunas.asivamosensalud.org\/index.php\/wp-json\/wp\/v2\/users\/1"}],"replies":[{"embeddable":true,"href":"http:\/\/asivamosenvacunas.asivamosensalud.org\/index.php\/wp-json\/wp\/v2\/comments?post=374"}],"version-history":[{"count":27,"href":"http:\/\/asivamosenvacunas.asivamosensalud.org\/index.php\/wp-json\/wp\/v2\/pages\/374\/revisions"}],"predecessor-version":[{"id":1467,"href":"http:\/\/asivamosenvacunas.asivamosensalud.org\/index.php\/wp-json\/wp\/v2\/pages\/374\/revisions\/1467"}],"wp:attachment":[{"href":"http:\/\/asivamosenvacunas.asivamosensalud.org\/index.php\/wp-json\/wp\/v2\/media?parent=374"}],"curies":[{"name":"wp","href":"https:\/\/api.w.org\/{rel}","templated":true}]}}