{"id":371,"date":"2022-01-25T04:12:28","date_gmt":"2022-01-25T04:12:28","guid":{"rendered":"http:\/\/asivamosenvacunas.asivamosensalud.org\/?page_id=371"},"modified":"2023-03-31T20:38:03","modified_gmt":"2023-03-31T20:38:03","slug":"nutricion-y-alimentacion","status":"publish","type":"page","link":"http:\/\/asivamosenvacunas.asivamosensalud.org\/index.php\/nutricion-y-alimentacion\/","title":{"rendered":"Nutrici\u00f3n y Alimentaci\u00f3n"},"content":{"rendered":"\n<div class=\"wp-block-image\"><figure class=\"aligncenter size-large\"><img loading=\"lazy\" decoding=\"async\" width=\"1024\" height=\"512\" src=\"http:\/\/asivamosenvacunas.asivamosensalud.org\/wp-content\/uploads\/2022\/02\/banner.png\" alt=\"\" class=\"wp-image-510\" srcset=\"http:\/\/asivamosenvacunas.asivamosensalud.org\/wp-content\/uploads\/2022\/02\/banner.png 1024w, http:\/\/asivamosenvacunas.asivamosensalud.org\/wp-content\/uploads\/2022\/02\/banner-300x150.png 300w, http:\/\/asivamosenvacunas.asivamosensalud.org\/wp-content\/uploads\/2022\/02\/banner-768x384.png 768w, http:\/\/asivamosenvacunas.asivamosensalud.org\/wp-content\/uploads\/2022\/02\/banner-260x130.png 260w, http:\/\/asivamosenvacunas.asivamosensalud.org\/wp-content\/uploads\/2022\/02\/banner-50x25.png 50w, http:\/\/asivamosenvacunas.asivamosensalud.org\/wp-content\/uploads\/2022\/02\/banner-150x75.png 150w\" sizes=\"auto, (max-width: 1024px) 100vw, 1024px\" \/><\/figure><\/div>\n\n\n\n<h3 class=\"has-text-align-center wp-block-heading\">En esta secci\u00f3n encontrar\u00e1s informaci\u00f3n sobre elementos fundamentales de la nutrici\u00f3n y la alimentaci\u00f3n. La nutrici\u00f3n entendida como el campo que estudio los requerimientos energ\u00e9ticos y nutricionales, es decir la dimensi\u00f3n biol\u00f3gica. La alimentaci\u00f3n entendida como el proceso social y cultural que impacta en la manera como nos relacionamos con los alimentos, es decir la dimensi\u00f3n social. Te daremos herramientas, informaci\u00f3n y t\u00e9cnicas para que tu alimentaci\u00f3n responda a tus necesidades nutricionales sin necesidad de recurrir a alimentos costosos o extra\u00f1os.<\/h3>\n\n\n\n<div style=\"height:56px\" aria-hidden=\"true\" class=\"wp-block-spacer\"><\/div>\n\n\n\n<div class=\"wp-block-columns is-layout-flex wp-container-core-columns-is-layout-9d6595d7 wp-block-columns-is-layout-flex\">\n<div class=\"wp-block-column is-layout-flow wp-block-column-is-layout-flow\"><\/div>\n\n\n\n<div class=\"wp-block-column is-layout-flow wp-block-column-is-layout-flow\"><\/div>\n<\/div>\n\n\n\n<div class=\"wp-block-columns is-layout-flex wp-container-core-columns-is-layout-9d6595d7 wp-block-columns-is-layout-flex\">\n<div class=\"wp-block-column is-layout-flow wp-block-column-is-layout-flow\">\n<div class=\"cuadro-azul\">\n\t<img decoding=\"async\" src=\"\/wp-content\/uploads\/2022\/02\/icon_noticias_asivamosensalud.png\" alt=\"\" class=\"logo\">\n    <h3 class=\"title\">\u00bfEs importante leer las etiquetas de los alimentos?<\/h3>\n    <p class=\"date\">Noviembre 4 de 2021<\/p>\n    <a href=\"es-importante-leer-las-etiquetas-de-los-alimentos\" class=\"view_more\">Ver m\u00e1s<\/a>\n<\/div>\n\n\n\n<hr class=\"wp-block-separator\"\/>\n\n\n\n<div class=\"cuadro-azul\">\n\t<img decoding=\"async\" src=\"\/wp-content\/uploads\/2022\/02\/icon_noticias_asivamosensalud.png\" alt=\"\" class=\"logo\">\n    <h3 class=\"title\">Loncheras saludables escolares<\/h3>\n    <p class=\"date\">Enero 17 de 2023<\/p>\n    <a href=\"loncheras-saludables-escolares\" class=\"view_more\">Ver m\u00e1s<\/a>\n<\/div>\n\n\n\n<hr class=\"wp-block-separator\"\/>\n\n\n\n<div class=\"cuadro-azul\">\n\t<img decoding=\"async\" src=\"\/wp-content\/uploads\/2022\/02\/icon_noticias_asivamosensalud.png\" alt=\"\" class=\"logo\">\n    <h3 class=\"title\">D\u00eda mundial de la obesidad 2023<\/h3>\n    <p class=\"date\">Marzo 4 de 2023<\/p>\n    <a href=\"dia-mundial-de-la-obesidad-2023\" class=\"view_more\">Ver m\u00e1s<\/a>\n<\/div>\n<\/div>\n\n\n\n<div class=\"wp-block-column is-layout-flow wp-block-column-is-layout-flow\">\n<div class=\"cuadro-azul\">\n\t<img decoding=\"async\" src=\"\/wp-content\/uploads\/2022\/02\/icon_noticias_asivamosensalud.png\" alt=\"\" class=\"logo\">\n    <h3 class=\"title\">Hacia una alimentaci\u00f3n saludable<\/h3>\n    <p class=\"date\">Noviembre 4 de 2021<\/p>\n    <a href=\"http:\/\/asivamosenvacunas.asivamosensalud.org\/wp-content\/uploads\/2022\/03\/Nutricion-Saludable-1.pdf\" class=\"view_more\">Ver m\u00e1s<\/a>\n<\/div>\n\n\n\n<hr class=\"wp-block-separator\"\/>\n\n\n\n<div class=\"cuadro-azul\">\n\t<img decoding=\"async\" src=\"\/wp-content\/uploads\/2022\/02\/icon_noticias_asivamosensalud.png\" alt=\"\" class=\"logo\">\n    <h3 class=\"title\">\u00bfSabes qu\u00e9 son los trastornos de la alimentaci\u00f3n?<\/h3>\n    <p class=\"date\">Febrero 7 de 2023<\/p>\n    <a href=\"sabes-que-son-los-trastornos-de-la-alimentacion\" class=\"view_more\">Ver m\u00e1s<\/a>\n<\/div>\n\n\n\n<hr class=\"wp-block-separator\"\/>\n\n\n\n<div class=\"cuadro-azul\">\n\t<img decoding=\"async\" src=\"\/wp-content\/uploads\/2022\/02\/icon_noticias_asivamosensalud.png\" alt=\"\" class=\"logo\">\n    <h3 class=\"title\">5 recomendaciones sobre el consumo de sal<\/h3>\n    <p class=\"date\">Marzo 17 de 2023<\/p>\n    <a href=\"5-recomendaciones-sobre-el-consumo-de-sal\" class=\"view_more\">Ver m\u00e1s<\/a>\n<\/div>\n\n\n\n<p><\/p>\n<\/div>\n\n\n\n<div class=\"wp-block-column is-layout-flow wp-block-column-is-layout-flow\">\n<div class=\"cuadro-azul\">\n\t<img decoding=\"async\" src=\"\/wp-content\/uploads\/2022\/02\/icon_noticias_asivamosensalud.png\" alt=\"\" class=\"logo\">\n    <h3 class=\"title\">D\u00eda mundial de la inocuidad de los alimentos 2022<\/h3>\n    <p class=\"date\">Junio 7 de 2022<\/p>\n    <a href=\"dia-mundial-de-la-inocuidad-de-los-alimentos\" class=\"view_more\">Ver m\u00e1s<\/a>\n<\/div>\n\n\n\n<hr class=\"wp-block-separator\"\/>\n\n\n\n<div class=\"cuadro-azul\">\n\t<img decoding=\"async\" src=\"\/wp-content\/uploads\/2022\/02\/icon_noticias_asivamosensalud.png\" alt=\"\" class=\"logo\">\n    <h3 class=\"title\">Alimentaci\u00f3n sana para pacientes diab\u00e9ticos<\/h3>\n    <p class=\"date\">Febrero 9 de 2023<\/p>\n    <a href=\"alimentacion-sana-para-pacientes-diabeticos\" class=\"view_more\">Ver m\u00e1s<\/a>\n<\/div>\n<\/div>\n<\/div>\n\n\n\n<p><\/p>\n","protected":false},"excerpt":{"rendered":"<p>En esta secci\u00f3n encontrar\u00e1s informaci\u00f3n sobre elementos fundamentales de la nutrici\u00f3n y la alimentaci\u00f3n. La nutrici\u00f3n entendida como el campo que estudio los requerimientos energ\u00e9ticos y<span class=\"excerpt-hellip\"> [\u2026]<\/span><\/p>\n","protected":false},"author":1,"featured_media":0,"parent":0,"menu_order":0,"comment_status":"closed","ping_status":"closed","template":"","meta":{"_acf_changed":false,"footnotes":""},"class_list":["post-371","page","type-page","status-publish","hentry"],"acf":[],"_links":{"self":[{"href":"http:\/\/asivamosenvacunas.asivamosensalud.org\/index.php\/wp-json\/wp\/v2\/pages\/371","targetHints":{"allow":["GET"]}}],"collection":[{"href":"http:\/\/asivamosenvacunas.asivamosensalud.org\/index.php\/wp-json\/wp\/v2\/pages"}],"about":[{"href":"http:\/\/asivamosenvacunas.asivamosensalud.org\/index.php\/wp-json\/wp\/v2\/types\/page"}],"author":[{"embeddable":true,"href":"http:\/\/asivamosenvacunas.asivamosensalud.org\/index.php\/wp-json\/wp\/v2\/users\/1"}],"replies":[{"embeddable":true,"href":"http:\/\/asivamosenvacunas.asivamosensalud.org\/index.php\/wp-json\/wp\/v2\/comments?post=371"}],"version-history":[{"count":33,"href":"http:\/\/asivamosenvacunas.asivamosensalud.org\/index.php\/wp-json\/wp\/v2\/pages\/371\/revisions"}],"predecessor-version":[{"id":1458,"href":"http:\/\/asivamosenvacunas.asivamosensalud.org\/index.php\/wp-json\/wp\/v2\/pages\/371\/revisions\/1458"}],"wp:attachment":[{"href":"http:\/\/asivamosenvacunas.asivamosensalud.org\/index.php\/wp-json\/wp\/v2\/media?parent=371"}],"curies":[{"name":"wp","href":"https:\/\/api.w.org\/{rel}","templated":true}]}}